{"id":14514,"date":"2022-12-08T09:02:23","date_gmt":"2022-12-08T09:02:23","guid":{"rendered":"http:\/\/www.mantija.lt\/?post_type=product&#038;p=14514"},"modified":"2024-07-26T13:46:19","modified_gmt":"2024-07-26T13:46:19","slug":"advokato-mantija-2","status":"publish","type":"product","link":"https:\/\/mantija.lt\/en\/parduotuv\u0117\/advokato-mantija-2\/","title":{"rendered":"Moteri\u0161ka advokat\u0117s mantija"},"content":{"rendered":"<p>Moteri\u0161ka advokato mantija.<\/p>\n<p style=\"text-align: left;\"><strong>Pastaba:<\/strong><br \/>\nIlg\u012f pagal j\u016bs\u0173 pageidavimus galime patrumpinti.<br \/>\n\u0160ioje mat\u0173 lentel\u0117je apimtys\u00a0 atspindi standartinius \u017emogaus (ne gaminio) i\u0161matavimus, o ilgiai nurodyti gaminio. Rekomenduojame visuomet atkreipti d\u0117mes\u012f \u012f gaminio apra\u0161ym\u0105 bei papildomus gaminio i\u0161matavimus (jei tokie yra nurodyti). Jeigu kyla klausim\u0173, b\u016btinai ra\u0161ykite arba skambinkite mums ir mes mielai jus pakonsultuosime.<br \/>\nXS\/M dydis yra nufotografuotas ant 170cm \u016bgio merginos (d\u0117vin\u010dios S dyd\u012f).<\/p>\n","protected":false},"excerpt":{"rendered":"<p>Moteri\u0161ka advokato mantija.M\u016bs\u0173 mantijos atitinka auk\u0161\u010diausius standartus ir suteikia solidumo j\u016bs\u0173 profesiniam \u012fvaizd\u017eiui.<\/p>\n","protected":false},"featured_media":14519,"comment_status":"open","ping_status":"closed","template":"","meta":[],"product_brand":[],"product_cat":[259,225,261],"product_tag":[],"class_list":{"0":"post-14514","1":"product","2":"type-product","3":"status-publish","4":"has-post-thumbnail","6":"product_cat-mantija","7":"product_cat-drabuziai-profesionalams","8":"product_cat-moterims-2","10":"first","11":"instock","12":"shipping-taxable","13":"purchasable","14":"product-type-variable","15":"has-default-attributes"},"yoast_head":"<!-- This site is optimized with the Yoast SEO plugin v24.3 - https:\/\/yoast.com\/wordpress\/plugins\/seo\/ -->\n<title>Moteri\u0161ka advokat\u0117s mantija - Mantija<\/title>\n<meta name=\"description\" content=\"Moteri\u0161ka advokato mantija.M\u016bs\u0173 mantijos atitinka auk\u0161\u010diausius standartus ir suteikia solidumo j\u016bs\u0173 profesiniam \u012fvaizd\u017eiui.\" \/>\n<meta name=\"robots\" content=\"index, follow, max-snippet:-1, max-image-preview:large, max-video-preview:-1\" \/>\n<link rel=\"canonical\" href=\"https:\/\/mantija.lt\/parduotuv\u0117\/advokato-mantija-2\/\" \/>\n<meta property=\"og:locale\" content=\"en_US\" \/>\n<meta property=\"og:type\" content=\"article\" \/>\n<meta property=\"og:title\" content=\"Moteri\u0161ka advokat\u0117s mantija - Mantija\" \/>\n<meta property=\"og:description\" content=\"Moteri\u0161ka advokato mantija.M\u016bs\u0173 mantijos atitinka auk\u0161\u010diausius standartus ir suteikia solidumo j\u016bs\u0173 profesiniam \u012fvaizd\u017eiui.\" \/>\n<meta property=\"og:url\" content=\"https:\/\/mantija.lt\/parduotuv\u0117\/advokato-mantija-2\/\" \/>\n<meta property=\"og:site_name\" content=\"Mantija\" \/>\n<meta property=\"article:modified_time\" content=\"2024-07-26T13:46:19+00:00\" \/>\n<meta property=\"og:image\" content=\"https:\/\/mantija.lt\/wp-content\/uploads\/2022\/12\/mantija-moteriska-1.jpg\" \/>\n\t<meta property=\"og:image:width\" content=\"1200\" \/>\n\t<meta property=\"og:image:height\" content=\"1797\" \/>\n\t<meta property=\"og:image:type\" content=\"image\/jpeg\" \/>\n<meta name=\"twitter:card\" content=\"summary_large_image\" \/>\n<meta name=\"twitter:label1\" content=\"Est. reading time\" \/>\n\t<meta name=\"twitter:data1\" content=\"1 minute\" \/>\n<script type=\"application\/ld+json\" class=\"yoast-schema-graph\">{\"@context\":\"https:\/\/schema.org\",\"@graph\":[{\"@type\":\"WebPage\",\"@id\":\"https:\/\/mantija.lt\/parduotuv\u0117\/advokato-mantija-2\/\",\"url\":\"https:\/\/mantija.lt\/parduotuv\u0117\/advokato-mantija-2\/\",\"name\":\"Moteri\u0161ka advokat\u0117s mantija - Mantija\",\"isPartOf\":{\"@id\":\"https:\/\/mantija.lt\/#website\"},\"primaryImageOfPage\":{\"@id\":\"https:\/\/mantija.lt\/parduotuv\u0117\/advokato-mantija-2\/#primaryimage\"},\"image\":{\"@id\":\"https:\/\/mantija.lt\/parduotuv\u0117\/advokato-mantija-2\/#primaryimage\"},\"thumbnailUrl\":\"https:\/\/mantija.lt\/wp-content\/uploads\/2022\/12\/mantija-moteriska-1.jpg\",\"datePublished\":\"2022-12-08T09:02:23+00:00\",\"dateModified\":\"2024-07-26T13:46:19+00:00\",\"description\":\"Moteri\u0161ka advokato mantija.M\u016bs\u0173 mantijos atitinka auk\u0161\u010diausius standartus ir suteikia solidumo j\u016bs\u0173 profesiniam \u012fvaizd\u017eiui.\",\"breadcrumb\":{\"@id\":\"https:\/\/mantija.lt\/parduotuv\u0117\/advokato-mantija-2\/#breadcrumb\"},\"inLanguage\":\"en-US\",\"potentialAction\":[{\"@type\":\"ReadAction\",\"target\":[\"https:\/\/mantija.lt\/parduotuv\u0117\/advokato-mantija-2\/\"]}]},{\"@type\":\"ImageObject\",\"inLanguage\":\"en-US\",\"@id\":\"https:\/\/mantija.lt\/parduotuv\u0117\/advokato-mantija-2\/#primaryimage\",\"url\":\"https:\/\/mantija.lt\/wp-content\/uploads\/2022\/12\/mantija-moteriska-1.jpg\",\"contentUrl\":\"https:\/\/mantija.lt\/wp-content\/uploads\/2022\/12\/mantija-moteriska-1.jpg\",\"width\":1200,\"height\":1797},{\"@type\":\"BreadcrumbList\",\"@id\":\"https:\/\/mantija.lt\/parduotuv\u0117\/advokato-mantija-2\/#breadcrumb\",\"itemListElement\":[{\"@type\":\"ListItem\",\"position\":1,\"name\":\"Home\",\"item\":\"https:\/\/mantija.lt\/en\/\"},{\"@type\":\"ListItem\",\"position\":2,\"name\":\"Shop\",\"item\":\"https:\/\/mantija.lt\/en\/shop\/\"},{\"@type\":\"ListItem\",\"position\":3,\"name\":\"Moteri\u0161ka advokat\u0117s mantija\"}]},{\"@type\":\"WebSite\",\"@id\":\"https:\/\/mantija.lt\/#website\",\"url\":\"https:\/\/mantija.lt\/\",\"name\":\"Mantija\",\"description\":\"Drabu\u017eiai profesionalams ir laisvalaikio drabu\u017eiai.\",\"publisher\":{\"@id\":\"https:\/\/mantija.lt\/#organization\"},\"potentialAction\":[{\"@type\":\"SearchAction\",\"target\":{\"@type\":\"EntryPoint\",\"urlTemplate\":\"https:\/\/mantija.lt\/?s={search_term_string}\"},\"query-input\":{\"@type\":\"PropertyValueSpecification\",\"valueRequired\":true,\"valueName\":\"search_term_string\"}}],\"inLanguage\":\"en-US\"},{\"@type\":\"Organization\",\"@id\":\"https:\/\/mantija.lt\/#organization\",\"name\":\"Mantija\",\"url\":\"https:\/\/mantija.lt\/\",\"logo\":{\"@type\":\"ImageObject\",\"inLanguage\":\"en-US\",\"@id\":\"https:\/\/mantija.lt\/#\/schema\/logo\/image\/\",\"url\":\"https:\/\/mantija.lt\/wp-content\/uploads\/2022\/08\/Mantija-logo_1-juodas.png\",\"contentUrl\":\"https:\/\/mantija.lt\/wp-content\/uploads\/2022\/08\/Mantija-logo_1-juodas.png\",\"width\":3334,\"height\":3334,\"caption\":\"Mantija\"},\"image\":{\"@id\":\"https:\/\/mantija.lt\/#\/schema\/logo\/image\/\"}}]}<\/script>\n<!-- \/ Yoast SEO plugin. -->","yoast_head_json":{"title":"Moteri\u0161ka advokat\u0117s mantija - Mantija","description":"Moteri\u0161ka advokato mantija.M\u016bs\u0173 mantijos atitinka auk\u0161\u010diausius standartus ir suteikia solidumo j\u016bs\u0173 profesiniam \u012fvaizd\u017eiui.","robots":{"index":"index","follow":"follow","max-snippet":"max-snippet:-1","max-image-preview":"max-image-preview:large","max-video-preview":"max-video-preview:-1"},"canonical":"https:\/\/mantija.lt\/parduotuv\u0117\/advokato-mantija-2\/","og_locale":"en_US","og_type":"article","og_title":"Moteri\u0161ka advokat\u0117s mantija - Mantija","og_description":"Moteri\u0161ka advokato mantija.M\u016bs\u0173 mantijos atitinka auk\u0161\u010diausius standartus ir suteikia solidumo j\u016bs\u0173 profesiniam \u012fvaizd\u017eiui.","og_url":"https:\/\/mantija.lt\/parduotuv\u0117\/advokato-mantija-2\/","og_site_name":"Mantija","article_modified_time":"2024-07-26T13:46:19+00:00","og_image":[{"width":1200,"height":1797,"url":"https:\/\/mantija.lt\/wp-content\/uploads\/2022\/12\/mantija-moteriska-1.jpg","type":"image\/jpeg"}],"twitter_card":"summary_large_image","twitter_misc":{"Est. reading time":"1 minute"},"schema":{"@context":"https:\/\/schema.org","@graph":[{"@type":"WebPage","@id":"https:\/\/mantija.lt\/parduotuv\u0117\/advokato-mantija-2\/","url":"https:\/\/mantija.lt\/parduotuv\u0117\/advokato-mantija-2\/","name":"Moteri\u0161ka advokat\u0117s mantija - Mantija","isPartOf":{"@id":"https:\/\/mantija.lt\/#website"},"primaryImageOfPage":{"@id":"https:\/\/mantija.lt\/parduotuv\u0117\/advokato-mantija-2\/#primaryimage"},"image":{"@id":"https:\/\/mantija.lt\/parduotuv\u0117\/advokato-mantija-2\/#primaryimage"},"thumbnailUrl":"https:\/\/mantija.lt\/wp-content\/uploads\/2022\/12\/mantija-moteriska-1.jpg","datePublished":"2022-12-08T09:02:23+00:00","dateModified":"2024-07-26T13:46:19+00:00","description":"Moteri\u0161ka advokato mantija.M\u016bs\u0173 mantijos atitinka auk\u0161\u010diausius standartus ir suteikia solidumo j\u016bs\u0173 profesiniam \u012fvaizd\u017eiui.","breadcrumb":{"@id":"https:\/\/mantija.lt\/parduotuv\u0117\/advokato-mantija-2\/#breadcrumb"},"inLanguage":"en-US","potentialAction":[{"@type":"ReadAction","target":["https:\/\/mantija.lt\/parduotuv\u0117\/advokato-mantija-2\/"]}]},{"@type":"ImageObject","inLanguage":"en-US","@id":"https:\/\/mantija.lt\/parduotuv\u0117\/advokato-mantija-2\/#primaryimage","url":"https:\/\/mantija.lt\/wp-content\/uploads\/2022\/12\/mantija-moteriska-1.jpg","contentUrl":"https:\/\/mantija.lt\/wp-content\/uploads\/2022\/12\/mantija-moteriska-1.jpg","width":1200,"height":1797},{"@type":"BreadcrumbList","@id":"https:\/\/mantija.lt\/parduotuv\u0117\/advokato-mantija-2\/#breadcrumb","itemListElement":[{"@type":"ListItem","position":1,"name":"Home","item":"https:\/\/mantija.lt\/en\/"},{"@type":"ListItem","position":2,"name":"Shop","item":"https:\/\/mantija.lt\/en\/shop\/"},{"@type":"ListItem","position":3,"name":"Moteri\u0161ka advokat\u0117s mantija"}]},{"@type":"WebSite","@id":"https:\/\/mantija.lt\/#website","url":"https:\/\/mantija.lt\/","name":"Mantija","description":"Drabu\u017eiai profesionalams ir laisvalaikio drabu\u017eiai.","publisher":{"@id":"https:\/\/mantija.lt\/#organization"},"potentialAction":[{"@type":"SearchAction","target":{"@type":"EntryPoint","urlTemplate":"https:\/\/mantija.lt\/?s={search_term_string}"},"query-input":{"@type":"PropertyValueSpecification","valueRequired":true,"valueName":"search_term_string"}}],"inLanguage":"en-US"},{"@type":"Organization","@id":"https:\/\/mantija.lt\/#organization","name":"Mantija","url":"https:\/\/mantija.lt\/","logo":{"@type":"ImageObject","inLanguage":"en-US","@id":"https:\/\/mantija.lt\/#\/schema\/logo\/image\/","url":"https:\/\/mantija.lt\/wp-content\/uploads\/2022\/08\/Mantija-logo_1-juodas.png","contentUrl":"https:\/\/mantija.lt\/wp-content\/uploads\/2022\/08\/Mantija-logo_1-juodas.png","width":3334,"height":3334,"caption":"Mantija"},"image":{"@id":"https:\/\/mantija.lt\/#\/schema\/logo\/image\/"}}]}},"_links":{"self":[{"href":"https:\/\/mantija.lt\/en\/wp-json\/wp\/v2\/product\/14514","targetHints":{"allow":["GET"]}}],"collection":[{"href":"https:\/\/mantija.lt\/en\/wp-json\/wp\/v2\/product"}],"about":[{"href":"https:\/\/mantija.lt\/en\/wp-json\/wp\/v2\/types\/product"}],"replies":[{"embeddable":true,"href":"https:\/\/mantija.lt\/en\/wp-json\/wp\/v2\/comments?post=14514"}],"wp:featuredmedia":[{"embeddable":true,"href":"https:\/\/mantija.lt\/en\/wp-json\/wp\/v2\/media\/14519"}],"wp:attachment":[{"href":"https:\/\/mantija.lt\/en\/wp-json\/wp\/v2\/media?parent=14514"}],"wp:term":[{"taxonomy":"product_brand","embeddable":true,"href":"https:\/\/mantija.lt\/en\/wp-json\/wp\/v2\/product_brand?post=14514"},{"taxonomy":"product_cat","embeddable":true,"href":"https:\/\/mantija.lt\/en\/wp-json\/wp\/v2\/product_cat?post=14514"},{"taxonomy":"product_tag","embeddable":true,"href":"https:\/\/mantija.lt\/en\/wp-json\/wp\/v2\/product_tag?post=14514"}],"curies":[{"name":"wp","href":"https:\/\/api.w.org\/{rel}","templated":true}]}}