{"id":14799,"date":"2022-12-08T11:33:27","date_gmt":"2022-12-08T11:33:27","guid":{"rendered":"http:\/\/www.mantija.lt\/?post_type=product&#038;p=14799"},"modified":"2023-10-27T14:36:16","modified_gmt":"2023-10-27T14:36:16","slug":"kelnes-linex","status":"publish","type":"product","link":"https:\/\/mantija.lt\/en\/parduotuv\u0117\/kelnes-linex\/","title":{"rendered":"Keln\u0117s LINEX"},"content":{"rendered":"<p>Ma\u017eos detal\u0117s, kurios gali padaryti did\u017eiul\u012f skirtum\u0105! Jogger tipo keln\u0117s su ki\u0161en\u0117mis, \u012f kurias tilps viskas, ko jums reikia.<\/p>\n<p>&#8211; Su dviem u\u017ed\u0117tin\u0117m erdvin\u0117m ki\u0161en\u0117m \u0161onuose.<\/p>\n<p>&#8211; Juosmuo ir kle\u0161ni\u0173 apa\u010dia su guma.<\/p>\n<p>&#8211; Virvel\u0117 juosmenyje dyd\u017eio reguliavimui.<\/p>\n<p>M\u00e3na drabu\u017eiai gaminami Lietuvoje, tod\u0117l galime b\u016bti \u0161alia viso gamybos proceso metu. Taip u\u017etikriname, kad kiekvienas drabu\u017eis b\u016bt\u0173 pagamintas su d\u017eiaugsmu, r\u016bpes\u010diu ir meile. O tuomet mus d\u017eiugina, kai matome, kad ne\u0161iojate m\u016bs\u0173 gaminius su \u0161ypsena.<\/p>\n<p>&nbsp;<\/p>\n<p><span style=\"font-weight: 400;\">Pla\u010diau apie sud\u0117t\u012f, <em>apa\u010dioje.<\/em><\/span><\/p>\n<p>&nbsp;<\/p>\n<h3><strong>Pristatymas<\/strong><\/h3>\n<p>\u012eprastai pristatome\u00a0<strong>per 1 \u2013 4 d.,<\/strong> \u012f artimiausi\u0105 OMNIVA pa\u0161tomat\u0105, ta\u010diau pasitaiko, jog d\u0117l sand\u0117lio u\u017eimtumo pristatymas gali u\u017etrukti iki 14 dien\u0173. Kaina \u2013 <em>3.59<\/em>\u00a0\u20ac.\u00a0<strong><a href=\"https:\/\/mantija.lt\/pristatymas\/\" target=\"_blank\" rel=\"noopener\"><em>Pla\u010diau &gt;&gt;&gt;<\/em><\/a><\/strong><\/p>\n<h3><strong>Gr\u0105\u017einimas \/ keitimas<\/strong><\/h3>\n<p>Jums nepatiko ar netiko? Galite j\u0105 gr\u0105\u017einti arba pakeisti \u012f kit\u0105 per 14 kalendorini\u0173 dien\u0173.\u00a0<strong><a href=\"https:\/\/mantija.lt\/prekiu-grazinimas\/\" target=\"_blank\" rel=\"noopener\"><em>Pla\u010diau &gt;<\/em><\/a><\/strong><\/p>\n<p>&nbsp;<\/p>\n","protected":false},"excerpt":{"rendered":"<p>Ma\u017eos detal\u0117s, kurios gali padaryti did\u017eiul\u012f skirtum\u0105! Jogger tipo keln\u0117s su ki\u0161en\u0117mis, \u012f kurias tilps viskas, ko jums reikia.<\/p>\n","protected":false},"featured_media":14837,"comment_status":"open","ping_status":"closed","template":"","meta":[],"product_brand":[],"product_cat":[248,185,187],"product_tag":[],"class_list":{"0":"post-14799","1":"product","2":"type-product","3":"status-publish","4":"has-post-thumbnail","6":"product_cat-laisvalaikio-drabuziai","7":"product_cat-moteriskli-laisvalaikio-rubai","8":"product_cat-moteriskos-kelnes","10":"first","11":"instock","12":"shipping-taxable","13":"purchasable","14":"product-type-variable","15":"has-default-attributes"},"yoast_head":"<!-- This site is optimized with the Yoast SEO plugin v24.3 - https:\/\/yoast.com\/wordpress\/plugins\/seo\/ -->\n<title>Jogger tipo keln\u0117s vyrams su ki\u0161en\u0117mis \u0161onuose | M\u00e3na by Mantija<\/title>\n<meta name=\"description\" content=\"Ma\u017eos detal\u0117s, kurios gali padaryti did\u017eiul\u012f skirtum\u0105! Jogger tipo keln\u0117s vyrams su ki\u0161en\u0117mis \u0161onuose.\" \/>\n<meta name=\"robots\" content=\"index, follow, max-snippet:-1, max-image-preview:large, max-video-preview:-1\" \/>\n<link rel=\"canonical\" href=\"https:\/\/mantija.lt\/parduotuv\u0117\/kelnes-linex\/\" \/>\n<meta property=\"og:locale\" content=\"en_US\" \/>\n<meta property=\"og:type\" content=\"article\" \/>\n<meta property=\"og:title\" content=\"Jogger tipo keln\u0117s vyrams su ki\u0161en\u0117mis \u0161onuose | M\u00e3na by Mantija\" \/>\n<meta property=\"og:description\" content=\"Ma\u017eos detal\u0117s, kurios gali padaryti did\u017eiul\u012f skirtum\u0105! Jogger tipo keln\u0117s vyrams su ki\u0161en\u0117mis \u0161onuose.\" \/>\n<meta property=\"og:url\" content=\"https:\/\/mantija.lt\/parduotuv\u0117\/kelnes-linex\/\" \/>\n<meta property=\"og:site_name\" content=\"Mantija\" \/>\n<meta property=\"article:modified_time\" content=\"2023-10-27T14:36:16+00:00\" \/>\n<meta property=\"og:image\" content=\"https:\/\/mantija.lt\/wp-content\/uploads\/2022\/12\/mantija-laisvalaikio-kelnes-mambo-kapucino-2.jpg\" \/>\n\t<meta property=\"og:image:width\" content=\"1200\" \/>\n\t<meta property=\"og:image:height\" content=\"1797\" \/>\n\t<meta property=\"og:image:type\" content=\"image\/jpeg\" \/>\n<meta name=\"twitter:card\" content=\"summary_large_image\" \/>\n<meta name=\"twitter:label1\" content=\"Est. reading time\" \/>\n\t<meta name=\"twitter:data1\" content=\"1 minute\" \/>\n<script type=\"application\/ld+json\" class=\"yoast-schema-graph\">{\"@context\":\"https:\/\/schema.org\",\"@graph\":[{\"@type\":\"WebPage\",\"@id\":\"https:\/\/mantija.lt\/parduotuv\u0117\/kelnes-linex\/\",\"url\":\"https:\/\/mantija.lt\/parduotuv\u0117\/kelnes-linex\/\",\"name\":\"Jogger tipo keln\u0117s vyrams su ki\u0161en\u0117mis \u0161onuose | M\u00e3na by Mantija\",\"isPartOf\":{\"@id\":\"https:\/\/mantija.lt\/#website\"},\"primaryImageOfPage\":{\"@id\":\"https:\/\/mantija.lt\/parduotuv\u0117\/kelnes-linex\/#primaryimage\"},\"image\":{\"@id\":\"https:\/\/mantija.lt\/parduotuv\u0117\/kelnes-linex\/#primaryimage\"},\"thumbnailUrl\":\"https:\/\/mantija.lt\/wp-content\/uploads\/2022\/12\/mantija-laisvalaikio-kelnes-mambo-kapucino-2.jpg\",\"datePublished\":\"2022-12-08T11:33:27+00:00\",\"dateModified\":\"2023-10-27T14:36:16+00:00\",\"description\":\"Ma\u017eos detal\u0117s, kurios gali padaryti did\u017eiul\u012f skirtum\u0105! Jogger tipo keln\u0117s vyrams su ki\u0161en\u0117mis \u0161onuose.\",\"breadcrumb\":{\"@id\":\"https:\/\/mantija.lt\/parduotuv\u0117\/kelnes-linex\/#breadcrumb\"},\"inLanguage\":\"en-US\",\"potentialAction\":[{\"@type\":\"ReadAction\",\"target\":[\"https:\/\/mantija.lt\/parduotuv\u0117\/kelnes-linex\/\"]}]},{\"@type\":\"ImageObject\",\"inLanguage\":\"en-US\",\"@id\":\"https:\/\/mantija.lt\/parduotuv\u0117\/kelnes-linex\/#primaryimage\",\"url\":\"https:\/\/mantija.lt\/wp-content\/uploads\/2022\/12\/mantija-laisvalaikio-kelnes-mambo-kapucino-2.jpg\",\"contentUrl\":\"https:\/\/mantija.lt\/wp-content\/uploads\/2022\/12\/mantija-laisvalaikio-kelnes-mambo-kapucino-2.jpg\",\"width\":1200,\"height\":1797,\"caption\":\"mantija-laisvalaikio-kelnes-mambo-kapucino-2\"},{\"@type\":\"BreadcrumbList\",\"@id\":\"https:\/\/mantija.lt\/parduotuv\u0117\/kelnes-linex\/#breadcrumb\",\"itemListElement\":[{\"@type\":\"ListItem\",\"position\":1,\"name\":\"Home\",\"item\":\"https:\/\/mantija.lt\/en\/\"},{\"@type\":\"ListItem\",\"position\":2,\"name\":\"Shop\",\"item\":\"https:\/\/mantija.lt\/en\/shop\/\"},{\"@type\":\"ListItem\",\"position\":3,\"name\":\"Keln\u0117s LINEX\"}]},{\"@type\":\"WebSite\",\"@id\":\"https:\/\/mantija.lt\/#website\",\"url\":\"https:\/\/mantija.lt\/\",\"name\":\"Mantija\",\"description\":\"Drabu\u017eiai profesionalams ir laisvalaikio drabu\u017eiai.\",\"publisher\":{\"@id\":\"https:\/\/mantija.lt\/#organization\"},\"potentialAction\":[{\"@type\":\"SearchAction\",\"target\":{\"@type\":\"EntryPoint\",\"urlTemplate\":\"https:\/\/mantija.lt\/?s={search_term_string}\"},\"query-input\":{\"@type\":\"PropertyValueSpecification\",\"valueRequired\":true,\"valueName\":\"search_term_string\"}}],\"inLanguage\":\"en-US\"},{\"@type\":\"Organization\",\"@id\":\"https:\/\/mantija.lt\/#organization\",\"name\":\"Mantija\",\"url\":\"https:\/\/mantija.lt\/\",\"logo\":{\"@type\":\"ImageObject\",\"inLanguage\":\"en-US\",\"@id\":\"https:\/\/mantija.lt\/#\/schema\/logo\/image\/\",\"url\":\"https:\/\/mantija.lt\/wp-content\/uploads\/2022\/08\/Mantija-logo_1-juodas.png\",\"contentUrl\":\"https:\/\/mantija.lt\/wp-content\/uploads\/2022\/08\/Mantija-logo_1-juodas.png\",\"width\":3334,\"height\":3334,\"caption\":\"Mantija\"},\"image\":{\"@id\":\"https:\/\/mantija.lt\/#\/schema\/logo\/image\/\"}}]}<\/script>\n<!-- \/ Yoast SEO plugin. -->","yoast_head_json":{"title":"Jogger tipo keln\u0117s vyrams su ki\u0161en\u0117mis \u0161onuose | M\u00e3na by Mantija","description":"Ma\u017eos detal\u0117s, kurios gali padaryti did\u017eiul\u012f skirtum\u0105! Jogger tipo keln\u0117s vyrams su ki\u0161en\u0117mis \u0161onuose.","robots":{"index":"index","follow":"follow","max-snippet":"max-snippet:-1","max-image-preview":"max-image-preview:large","max-video-preview":"max-video-preview:-1"},"canonical":"https:\/\/mantija.lt\/parduotuv\u0117\/kelnes-linex\/","og_locale":"en_US","og_type":"article","og_title":"Jogger tipo keln\u0117s vyrams su ki\u0161en\u0117mis \u0161onuose | M\u00e3na by Mantija","og_description":"Ma\u017eos detal\u0117s, kurios gali padaryti did\u017eiul\u012f skirtum\u0105! Jogger tipo keln\u0117s vyrams su ki\u0161en\u0117mis \u0161onuose.","og_url":"https:\/\/mantija.lt\/parduotuv\u0117\/kelnes-linex\/","og_site_name":"Mantija","article_modified_time":"2023-10-27T14:36:16+00:00","og_image":[{"width":1200,"height":1797,"url":"https:\/\/mantija.lt\/wp-content\/uploads\/2022\/12\/mantija-laisvalaikio-kelnes-mambo-kapucino-2.jpg","type":"image\/jpeg"}],"twitter_card":"summary_large_image","twitter_misc":{"Est. reading time":"1 minute"},"schema":{"@context":"https:\/\/schema.org","@graph":[{"@type":"WebPage","@id":"https:\/\/mantija.lt\/parduotuv\u0117\/kelnes-linex\/","url":"https:\/\/mantija.lt\/parduotuv\u0117\/kelnes-linex\/","name":"Jogger tipo keln\u0117s vyrams su ki\u0161en\u0117mis \u0161onuose | M\u00e3na by Mantija","isPartOf":{"@id":"https:\/\/mantija.lt\/#website"},"primaryImageOfPage":{"@id":"https:\/\/mantija.lt\/parduotuv\u0117\/kelnes-linex\/#primaryimage"},"image":{"@id":"https:\/\/mantija.lt\/parduotuv\u0117\/kelnes-linex\/#primaryimage"},"thumbnailUrl":"https:\/\/mantija.lt\/wp-content\/uploads\/2022\/12\/mantija-laisvalaikio-kelnes-mambo-kapucino-2.jpg","datePublished":"2022-12-08T11:33:27+00:00","dateModified":"2023-10-27T14:36:16+00:00","description":"Ma\u017eos detal\u0117s, kurios gali padaryti did\u017eiul\u012f skirtum\u0105! Jogger tipo keln\u0117s vyrams su ki\u0161en\u0117mis \u0161onuose.","breadcrumb":{"@id":"https:\/\/mantija.lt\/parduotuv\u0117\/kelnes-linex\/#breadcrumb"},"inLanguage":"en-US","potentialAction":[{"@type":"ReadAction","target":["https:\/\/mantija.lt\/parduotuv\u0117\/kelnes-linex\/"]}]},{"@type":"ImageObject","inLanguage":"en-US","@id":"https:\/\/mantija.lt\/parduotuv\u0117\/kelnes-linex\/#primaryimage","url":"https:\/\/mantija.lt\/wp-content\/uploads\/2022\/12\/mantija-laisvalaikio-kelnes-mambo-kapucino-2.jpg","contentUrl":"https:\/\/mantija.lt\/wp-content\/uploads\/2022\/12\/mantija-laisvalaikio-kelnes-mambo-kapucino-2.jpg","width":1200,"height":1797,"caption":"mantija-laisvalaikio-kelnes-mambo-kapucino-2"},{"@type":"BreadcrumbList","@id":"https:\/\/mantija.lt\/parduotuv\u0117\/kelnes-linex\/#breadcrumb","itemListElement":[{"@type":"ListItem","position":1,"name":"Home","item":"https:\/\/mantija.lt\/en\/"},{"@type":"ListItem","position":2,"name":"Shop","item":"https:\/\/mantija.lt\/en\/shop\/"},{"@type":"ListItem","position":3,"name":"Keln\u0117s LINEX"}]},{"@type":"WebSite","@id":"https:\/\/mantija.lt\/#website","url":"https:\/\/mantija.lt\/","name":"Mantija","description":"Drabu\u017eiai profesionalams ir laisvalaikio drabu\u017eiai.","publisher":{"@id":"https:\/\/mantija.lt\/#organization"},"potentialAction":[{"@type":"SearchAction","target":{"@type":"EntryPoint","urlTemplate":"https:\/\/mantija.lt\/?s={search_term_string}"},"query-input":{"@type":"PropertyValueSpecification","valueRequired":true,"valueName":"search_term_string"}}],"inLanguage":"en-US"},{"@type":"Organization","@id":"https:\/\/mantija.lt\/#organization","name":"Mantija","url":"https:\/\/mantija.lt\/","logo":{"@type":"ImageObject","inLanguage":"en-US","@id":"https:\/\/mantija.lt\/#\/schema\/logo\/image\/","url":"https:\/\/mantija.lt\/wp-content\/uploads\/2022\/08\/Mantija-logo_1-juodas.png","contentUrl":"https:\/\/mantija.lt\/wp-content\/uploads\/2022\/08\/Mantija-logo_1-juodas.png","width":3334,"height":3334,"caption":"Mantija"},"image":{"@id":"https:\/\/mantija.lt\/#\/schema\/logo\/image\/"}}]}},"_links":{"self":[{"href":"https:\/\/mantija.lt\/en\/wp-json\/wp\/v2\/product\/14799","targetHints":{"allow":["GET"]}}],"collection":[{"href":"https:\/\/mantija.lt\/en\/wp-json\/wp\/v2\/product"}],"about":[{"href":"https:\/\/mantija.lt\/en\/wp-json\/wp\/v2\/types\/product"}],"replies":[{"embeddable":true,"href":"https:\/\/mantija.lt\/en\/wp-json\/wp\/v2\/comments?post=14799"}],"wp:featuredmedia":[{"embeddable":true,"href":"https:\/\/mantija.lt\/en\/wp-json\/wp\/v2\/media\/14837"}],"wp:attachment":[{"href":"https:\/\/mantija.lt\/en\/wp-json\/wp\/v2\/media?parent=14799"}],"wp:term":[{"taxonomy":"product_brand","embeddable":true,"href":"https:\/\/mantija.lt\/en\/wp-json\/wp\/v2\/product_brand?post=14799"},{"taxonomy":"product_cat","embeddable":true,"href":"https:\/\/mantija.lt\/en\/wp-json\/wp\/v2\/product_cat?post=14799"},{"taxonomy":"product_tag","embeddable":true,"href":"https:\/\/mantija.lt\/en\/wp-json\/wp\/v2\/product_tag?post=14799"}],"curies":[{"name":"wp","href":"https:\/\/api.w.org\/{rel}","templated":true}]}}