{"id":15938,"date":"2023-05-09T10:25:44","date_gmt":"2023-05-09T10:25:44","guid":{"rendered":"https:\/\/mantija.lt\/?post_type=product&#038;p=15938"},"modified":"2023-09-05T07:42:11","modified_gmt":"2023-09-05T07:42:11","slug":"dzemperis-ana","status":"publish","type":"product","link":"https:\/\/mantija.lt\/en\/parduotuv\u0117\/dzemperis-ana\/","title":{"rendered":"D\u017eemperis ANA"},"content":{"rendered":"<p>Miesto gatv\u0117mis su patogiu ir stilingu d\u017eemperiu. Trumpo modelio, stilingas d\u017eemperis moterims su u\u017etrauktuku. \u0160is modelis sukurtas taip, kad jaustumeisi patogiai ir stilingai kad ir kaip leistum laik\u0105.<\/p>\n<p><span style=\"font-weight: 400\">Pla\u010diau apie sud\u0117t\u012f, <em>apa\u010dioje.<\/em><\/span><\/p>\n<p>&nbsp;<\/p>\n<h3><strong>Pristatymas<\/strong><\/h3>\n<p>\u012eprastai pristatome\u00a0<strong>per 1 \u2013 4 d.,<\/strong> \u012f artimiausi\u0105 OMNIVA pa\u0161tomat\u0105, ta\u010diau pasitaiko, jog d\u0117l sand\u0117lio u\u017eimtumo pristatymas gali u\u017etrukti iki 14 dien\u0173. Kaina \u2013 <em>3.59<\/em>\u00a0\u20ac.\u00a0<strong><a href=\"https:\/\/mantija.lt\/pristatymas\/\" target=\"_blank\" rel=\"noopener\"><em>Pla\u010diau &gt;&gt;&gt;<\/em><\/a><\/strong><\/p>\n<h3><strong>Gr\u0105\u017einimas \/ keitimas<\/strong><\/h3>\n<p>Jums nepatiko ar netiko? Galite j\u0105 gr\u0105\u017einti arba pakeisti \u012f kit\u0105 per 14 kalendorini\u0173 dien\u0173.\u00a0<strong><a href=\"https:\/\/mantija.lt\/prekiu-grazinimas\/\" target=\"_blank\" rel=\"noopener\"><em>Pla\u010diau &gt;<\/em><\/a><\/strong><\/p>\n<p>&nbsp;<\/p>\n","protected":false},"excerpt":{"rendered":"<p>Trumpo modelio d\u017eemperis sukurtas taip, kad jaustumeisi patogiai ir stilingai kad ir kaip leistum laik\u0105.<\/p>\n","protected":false},"featured_media":15959,"comment_status":"open","ping_status":"closed","template":"","meta":[],"product_brand":[],"product_cat":[186,248,185],"product_tag":[],"class_list":{"0":"post-15938","1":"product","2":"type-product","3":"status-publish","4":"has-post-thumbnail","6":"product_cat-moteriski-dzemperiai","7":"product_cat-laisvalaikio-drabuziai","8":"product_cat-moteriskli-laisvalaikio-rubai","10":"first","11":"instock","12":"shipping-taxable","13":"purchasable","14":"product-type-variable","15":"has-default-attributes"},"yoast_head":"<!-- This site is optimized with the Yoast SEO plugin v24.3 - https:\/\/yoast.com\/wordpress\/plugins\/seo\/ -->\n<title>Stilingas trumpas d\u017eemperis moterims su u\u017etrauktuku | M\u00e3na by Mantija<\/title>\n<meta name=\"description\" content=\"Miesto gatv\u0117mis su patogiu ir stilingu d\u017eemperiu. Trumpo modelio, stilingas d\u017eemperis moterims su u\u017etrauktuku. \u0160is modelis sukurtas taip, kad jaustumeisi patogiai ir stilingai kad ir kaip leistum laik\u0105.\" \/>\n<meta name=\"robots\" content=\"index, follow, max-snippet:-1, max-image-preview:large, max-video-preview:-1\" \/>\n<link rel=\"canonical\" href=\"https:\/\/mantija.lt\/parduotuv\u0117\/dzemperis-ana\/\" \/>\n<meta property=\"og:locale\" content=\"en_US\" \/>\n<meta property=\"og:type\" content=\"article\" \/>\n<meta property=\"og:title\" content=\"Stilingas trumpas d\u017eemperis moterims su u\u017etrauktuku | M\u00e3na by Mantija\" \/>\n<meta property=\"og:description\" content=\"Miesto gatv\u0117mis su patogiu ir stilingu d\u017eemperiu. Trumpo modelio, stilingas d\u017eemperis moterims su u\u017etrauktuku. \u0160is modelis sukurtas taip, kad jaustumeisi patogiai ir stilingai kad ir kaip leistum laik\u0105.\" \/>\n<meta property=\"og:url\" content=\"https:\/\/mantija.lt\/parduotuv\u0117\/dzemperis-ana\/\" \/>\n<meta property=\"og:site_name\" content=\"Mantija\" \/>\n<meta property=\"article:modified_time\" content=\"2023-09-05T07:42:11+00:00\" \/>\n<meta property=\"og:image\" content=\"https:\/\/mantija.lt\/wp-content\/uploads\/2023\/05\/IMG_9553-scaled.jpg\" \/>\n\t<meta property=\"og:image:width\" content=\"1707\" \/>\n\t<meta property=\"og:image:height\" content=\"2560\" \/>\n\t<meta property=\"og:image:type\" content=\"image\/jpeg\" \/>\n<meta name=\"twitter:card\" content=\"summary_large_image\" \/>\n<meta name=\"twitter:label1\" content=\"Est. reading time\" \/>\n\t<meta name=\"twitter:data1\" content=\"1 minute\" \/>\n<script type=\"application\/ld+json\" class=\"yoast-schema-graph\">{\"@context\":\"https:\/\/schema.org\",\"@graph\":[{\"@type\":\"WebPage\",\"@id\":\"https:\/\/mantija.lt\/parduotuv\u0117\/dzemperis-ana\/\",\"url\":\"https:\/\/mantija.lt\/parduotuv\u0117\/dzemperis-ana\/\",\"name\":\"Stilingas trumpas d\u017eemperis moterims su u\u017etrauktuku | M\u00e3na by Mantija\",\"isPartOf\":{\"@id\":\"https:\/\/mantija.lt\/#website\"},\"primaryImageOfPage\":{\"@id\":\"https:\/\/mantija.lt\/parduotuv\u0117\/dzemperis-ana\/#primaryimage\"},\"image\":{\"@id\":\"https:\/\/mantija.lt\/parduotuv\u0117\/dzemperis-ana\/#primaryimage\"},\"thumbnailUrl\":\"https:\/\/mantija.lt\/wp-content\/uploads\/2023\/05\/IMG_9553-scaled.jpg\",\"datePublished\":\"2023-05-09T10:25:44+00:00\",\"dateModified\":\"2023-09-05T07:42:11+00:00\",\"description\":\"Miesto gatv\u0117mis su patogiu ir stilingu d\u017eemperiu. Trumpo modelio, stilingas d\u017eemperis moterims su u\u017etrauktuku. \u0160is modelis sukurtas taip, kad jaustumeisi patogiai ir stilingai kad ir kaip leistum laik\u0105.\",\"breadcrumb\":{\"@id\":\"https:\/\/mantija.lt\/parduotuv\u0117\/dzemperis-ana\/#breadcrumb\"},\"inLanguage\":\"en-US\",\"potentialAction\":[{\"@type\":\"ReadAction\",\"target\":[\"https:\/\/mantija.lt\/parduotuv\u0117\/dzemperis-ana\/\"]}]},{\"@type\":\"ImageObject\",\"inLanguage\":\"en-US\",\"@id\":\"https:\/\/mantija.lt\/parduotuv\u0117\/dzemperis-ana\/#primaryimage\",\"url\":\"https:\/\/mantija.lt\/wp-content\/uploads\/2023\/05\/IMG_9553-scaled.jpg\",\"contentUrl\":\"https:\/\/mantija.lt\/wp-content\/uploads\/2023\/05\/IMG_9553-scaled.jpg\",\"width\":1707,\"height\":2560},{\"@type\":\"BreadcrumbList\",\"@id\":\"https:\/\/mantija.lt\/parduotuv\u0117\/dzemperis-ana\/#breadcrumb\",\"itemListElement\":[{\"@type\":\"ListItem\",\"position\":1,\"name\":\"Home\",\"item\":\"https:\/\/mantija.lt\/en\/\"},{\"@type\":\"ListItem\",\"position\":2,\"name\":\"Shop\",\"item\":\"https:\/\/mantija.lt\/en\/shop\/\"},{\"@type\":\"ListItem\",\"position\":3,\"name\":\"D\u017eemperis ANA\"}]},{\"@type\":\"WebSite\",\"@id\":\"https:\/\/mantija.lt\/#website\",\"url\":\"https:\/\/mantija.lt\/\",\"name\":\"Mantija\",\"description\":\"Drabu\u017eiai profesionalams ir laisvalaikio drabu\u017eiai.\",\"publisher\":{\"@id\":\"https:\/\/mantija.lt\/#organization\"},\"potentialAction\":[{\"@type\":\"SearchAction\",\"target\":{\"@type\":\"EntryPoint\",\"urlTemplate\":\"https:\/\/mantija.lt\/?s={search_term_string}\"},\"query-input\":{\"@type\":\"PropertyValueSpecification\",\"valueRequired\":true,\"valueName\":\"search_term_string\"}}],\"inLanguage\":\"en-US\"},{\"@type\":\"Organization\",\"@id\":\"https:\/\/mantija.lt\/#organization\",\"name\":\"Mantija\",\"url\":\"https:\/\/mantija.lt\/\",\"logo\":{\"@type\":\"ImageObject\",\"inLanguage\":\"en-US\",\"@id\":\"https:\/\/mantija.lt\/#\/schema\/logo\/image\/\",\"url\":\"https:\/\/mantija.lt\/wp-content\/uploads\/2022\/08\/Mantija-logo_1-juodas.png\",\"contentUrl\":\"https:\/\/mantija.lt\/wp-content\/uploads\/2022\/08\/Mantija-logo_1-juodas.png\",\"width\":3334,\"height\":3334,\"caption\":\"Mantija\"},\"image\":{\"@id\":\"https:\/\/mantija.lt\/#\/schema\/logo\/image\/\"}}]}<\/script>\n<!-- \/ Yoast SEO plugin. -->","yoast_head_json":{"title":"Stilingas trumpas d\u017eemperis moterims su u\u017etrauktuku | M\u00e3na by Mantija","description":"Miesto gatv\u0117mis su patogiu ir stilingu d\u017eemperiu. Trumpo modelio, stilingas d\u017eemperis moterims su u\u017etrauktuku. \u0160is modelis sukurtas taip, kad jaustumeisi patogiai ir stilingai kad ir kaip leistum laik\u0105.","robots":{"index":"index","follow":"follow","max-snippet":"max-snippet:-1","max-image-preview":"max-image-preview:large","max-video-preview":"max-video-preview:-1"},"canonical":"https:\/\/mantija.lt\/parduotuv\u0117\/dzemperis-ana\/","og_locale":"en_US","og_type":"article","og_title":"Stilingas trumpas d\u017eemperis moterims su u\u017etrauktuku | M\u00e3na by Mantija","og_description":"Miesto gatv\u0117mis su patogiu ir stilingu d\u017eemperiu. Trumpo modelio, stilingas d\u017eemperis moterims su u\u017etrauktuku. \u0160is modelis sukurtas taip, kad jaustumeisi patogiai ir stilingai kad ir kaip leistum laik\u0105.","og_url":"https:\/\/mantija.lt\/parduotuv\u0117\/dzemperis-ana\/","og_site_name":"Mantija","article_modified_time":"2023-09-05T07:42:11+00:00","og_image":[{"width":1707,"height":2560,"url":"https:\/\/mantija.lt\/wp-content\/uploads\/2023\/05\/IMG_9553-scaled.jpg","type":"image\/jpeg"}],"twitter_card":"summary_large_image","twitter_misc":{"Est. reading time":"1 minute"},"schema":{"@context":"https:\/\/schema.org","@graph":[{"@type":"WebPage","@id":"https:\/\/mantija.lt\/parduotuv\u0117\/dzemperis-ana\/","url":"https:\/\/mantija.lt\/parduotuv\u0117\/dzemperis-ana\/","name":"Stilingas trumpas d\u017eemperis moterims su u\u017etrauktuku | M\u00e3na by Mantija","isPartOf":{"@id":"https:\/\/mantija.lt\/#website"},"primaryImageOfPage":{"@id":"https:\/\/mantija.lt\/parduotuv\u0117\/dzemperis-ana\/#primaryimage"},"image":{"@id":"https:\/\/mantija.lt\/parduotuv\u0117\/dzemperis-ana\/#primaryimage"},"thumbnailUrl":"https:\/\/mantija.lt\/wp-content\/uploads\/2023\/05\/IMG_9553-scaled.jpg","datePublished":"2023-05-09T10:25:44+00:00","dateModified":"2023-09-05T07:42:11+00:00","description":"Miesto gatv\u0117mis su patogiu ir stilingu d\u017eemperiu. Trumpo modelio, stilingas d\u017eemperis moterims su u\u017etrauktuku. \u0160is modelis sukurtas taip, kad jaustumeisi patogiai ir stilingai kad ir kaip leistum laik\u0105.","breadcrumb":{"@id":"https:\/\/mantija.lt\/parduotuv\u0117\/dzemperis-ana\/#breadcrumb"},"inLanguage":"en-US","potentialAction":[{"@type":"ReadAction","target":["https:\/\/mantija.lt\/parduotuv\u0117\/dzemperis-ana\/"]}]},{"@type":"ImageObject","inLanguage":"en-US","@id":"https:\/\/mantija.lt\/parduotuv\u0117\/dzemperis-ana\/#primaryimage","url":"https:\/\/mantija.lt\/wp-content\/uploads\/2023\/05\/IMG_9553-scaled.jpg","contentUrl":"https:\/\/mantija.lt\/wp-content\/uploads\/2023\/05\/IMG_9553-scaled.jpg","width":1707,"height":2560},{"@type":"BreadcrumbList","@id":"https:\/\/mantija.lt\/parduotuv\u0117\/dzemperis-ana\/#breadcrumb","itemListElement":[{"@type":"ListItem","position":1,"name":"Home","item":"https:\/\/mantija.lt\/en\/"},{"@type":"ListItem","position":2,"name":"Shop","item":"https:\/\/mantija.lt\/en\/shop\/"},{"@type":"ListItem","position":3,"name":"D\u017eemperis ANA"}]},{"@type":"WebSite","@id":"https:\/\/mantija.lt\/#website","url":"https:\/\/mantija.lt\/","name":"Mantija","description":"Drabu\u017eiai profesionalams ir laisvalaikio drabu\u017eiai.","publisher":{"@id":"https:\/\/mantija.lt\/#organization"},"potentialAction":[{"@type":"SearchAction","target":{"@type":"EntryPoint","urlTemplate":"https:\/\/mantija.lt\/?s={search_term_string}"},"query-input":{"@type":"PropertyValueSpecification","valueRequired":true,"valueName":"search_term_string"}}],"inLanguage":"en-US"},{"@type":"Organization","@id":"https:\/\/mantija.lt\/#organization","name":"Mantija","url":"https:\/\/mantija.lt\/","logo":{"@type":"ImageObject","inLanguage":"en-US","@id":"https:\/\/mantija.lt\/#\/schema\/logo\/image\/","url":"https:\/\/mantija.lt\/wp-content\/uploads\/2022\/08\/Mantija-logo_1-juodas.png","contentUrl":"https:\/\/mantija.lt\/wp-content\/uploads\/2022\/08\/Mantija-logo_1-juodas.png","width":3334,"height":3334,"caption":"Mantija"},"image":{"@id":"https:\/\/mantija.lt\/#\/schema\/logo\/image\/"}}]}},"_links":{"self":[{"href":"https:\/\/mantija.lt\/en\/wp-json\/wp\/v2\/product\/15938","targetHints":{"allow":["GET"]}}],"collection":[{"href":"https:\/\/mantija.lt\/en\/wp-json\/wp\/v2\/product"}],"about":[{"href":"https:\/\/mantija.lt\/en\/wp-json\/wp\/v2\/types\/product"}],"replies":[{"embeddable":true,"href":"https:\/\/mantija.lt\/en\/wp-json\/wp\/v2\/comments?post=15938"}],"wp:featuredmedia":[{"embeddable":true,"href":"https:\/\/mantija.lt\/en\/wp-json\/wp\/v2\/media\/15959"}],"wp:attachment":[{"href":"https:\/\/mantija.lt\/en\/wp-json\/wp\/v2\/media?parent=15938"}],"wp:term":[{"taxonomy":"product_brand","embeddable":true,"href":"https:\/\/mantija.lt\/en\/wp-json\/wp\/v2\/product_brand?post=15938"},{"taxonomy":"product_cat","embeddable":true,"href":"https:\/\/mantija.lt\/en\/wp-json\/wp\/v2\/product_cat?post=15938"},{"taxonomy":"product_tag","embeddable":true,"href":"https:\/\/mantija.lt\/en\/wp-json\/wp\/v2\/product_tag?post=15938"}],"curies":[{"name":"wp","href":"https:\/\/api.w.org\/{rel}","templated":true}]}}