{"id":16614,"date":"2023-05-23T10:55:07","date_gmt":"2023-05-23T10:55:07","guid":{"rendered":"https:\/\/mantija.lt\/?post_type=product&#038;p=16614"},"modified":"2023-09-05T07:35:02","modified_gmt":"2023-09-05T07:35:02","slug":"kostiumas-leila","status":"publish","type":"product","link":"https:\/\/mantija.lt\/en\/parduotuv\u0117\/kostiumas-leila\/","title":{"rendered":"Komplektas LEILA"},"content":{"rendered":"<p><strong>Laisvalaikio kostium\u0117lis &#8211; \u0161ort\u0173 ir d\u017eemperio komplektas LEILA. <\/strong><\/p>\n<p>Vienos spalvos deriniai visuomet atrodo labai stilingai. Ne\u0161iok kartu, kai nori jaustis ypatingiau arba derink atskirai. Rinkis i\u0161 keturi\u0173 lengvai derinam\u0173 spalv\u0173.<\/p>\n<p><strong>D\u017eemperis ANA:<\/strong><\/p>\n<p>&#8211; Su u\u017etrauktuku.<\/p>\n<p>&#8211; Trumpo modelio.<\/p>\n<p><strong>\u0160ortai EVITA:<\/strong><\/p>\n<p>&#8211; Tiesaus silueto;<\/p>\n<p>&#8211; Su pla\u010dia guma juosmenyje.<\/p>\n<p>&#8211; Apa\u010dia palenkta trikota\u017eine plok\u0161\u010diasi\u016ble.<\/p>\n<p>&#8211; \u0160onin\u0117se si\u016bl\u0117se \u012fleistin\u0117s ki\u0161en\u0117s.<\/p>\n<p>Pla\u010diau apie sud\u0117t\u012f,\u00a0<em>apa\u010dioje.<\/em><\/p>\n<p>&nbsp;<\/p>\n<h3><strong>Pristatymas<\/strong><\/h3>\n<p>\u012eprastai pristatome\u00a0<strong>per 1 \u2013 4 d.,<\/strong> \u012f artimiausi\u0105 OMNIVA pa\u0161tomat\u0105, ta\u010diau pasitaiko, jog d\u0117l sand\u0117lio u\u017eimtumo pristatymas gali u\u017etrukti iki 14 dien\u0173. Kaina \u2013 <em>3.59<\/em>\u00a0\u20ac.\u00a0<strong><a href=\"https:\/\/mantija.lt\/pristatymas\/\" target=\"_blank\" rel=\"noopener\"><em>Pla\u010diau &gt;&gt;&gt;<\/em><\/a><\/strong><\/p>\n<h3><strong>Gr\u0105\u017einimas \/ keitimas<\/strong><\/h3>\n<p>Jums nepatiko ar netiko? Galite j\u0105 gr\u0105\u017einti arba pakeisti \u012f kit\u0105 per 14 kalendorini\u0173 dien\u0173.\u00a0<strong><a href=\"https:\/\/mantija.lt\/prekiu-grazinimas\/\" target=\"_blank\" rel=\"noopener\"><em>Pla\u010diau &gt;<\/em><\/a><\/strong><\/p>\n<p>&nbsp;<\/p>\n","protected":false},"excerpt":{"rendered":"<p>Laisvalaikio kostium\u0117lis &#8211; \u0161ort\u0173 ir d\u017eemperio komplektas LEILA. Ne\u0161iok kartu, kai nori jaustis ypatingiau arba derink atskirai. Rinkis i\u0161 keturi\u0173 lengvai derinam\u0173 spalv\u0173.<\/p>\n","protected":false},"featured_media":16623,"comment_status":"open","ping_status":"closed","template":"","meta":[],"product_brand":[],"product_cat":[571,248,185],"product_tag":[],"class_list":{"0":"post-16614","1":"product","2":"type-product","3":"status-publish","4":"has-post-thumbnail","6":"product_cat-komplektai","7":"product_cat-laisvalaikio-drabuziai","8":"product_cat-moteriskli-laisvalaikio-rubai","10":"first","11":"instock","12":"sale","13":"shipping-taxable","14":"purchasable","15":"product-type-variable"},"yoast_head":"<!-- This site is optimized with the Yoast SEO plugin v24.3 - https:\/\/yoast.com\/wordpress\/plugins\/seo\/ -->\n<title>Stilinga be dideli\u0173 pastang\u0173 - laisvalikio kostiumas | M\u00e3na by Mantija<\/title>\n<meta name=\"description\" content=\"Trumpo d\u017eemperio ANA ir \u0161ort\u0173 EVITA komplektas. Vienos spalvos komplektas - stilinga, patogu ir nesud\u0117tinga - kas gali b\u016bti geriau? :)\u00a0\" \/>\n<meta name=\"robots\" content=\"index, follow, max-snippet:-1, max-image-preview:large, max-video-preview:-1\" \/>\n<link rel=\"canonical\" href=\"https:\/\/mantija.lt\/parduotuv\u0117\/kostiumas-leila\/\" \/>\n<meta property=\"og:locale\" content=\"en_US\" \/>\n<meta property=\"og:type\" content=\"article\" \/>\n<meta property=\"og:title\" content=\"Stilinga be dideli\u0173 pastang\u0173 - laisvalikio kostiumas | M\u00e3na by Mantija\" \/>\n<meta property=\"og:description\" content=\"Trumpo d\u017eemperio ANA ir \u0161ort\u0173 EVITA komplektas. Vienos spalvos komplektas - stilinga, patogu ir nesud\u0117tinga - kas gali b\u016bti geriau? :)\u00a0\" \/>\n<meta property=\"og:url\" content=\"https:\/\/mantija.lt\/parduotuv\u0117\/kostiumas-leila\/\" \/>\n<meta property=\"og:site_name\" content=\"Mantija\" \/>\n<meta property=\"article:modified_time\" content=\"2023-09-05T07:35:02+00:00\" \/>\n<meta property=\"og:image\" content=\"https:\/\/mantija.lt\/wp-content\/uploads\/2023\/05\/IMG_0271_1-scaled.jpg\" \/>\n\t<meta property=\"og:image:width\" content=\"1707\" \/>\n\t<meta property=\"og:image:height\" content=\"2560\" \/>\n\t<meta property=\"og:image:type\" content=\"image\/jpeg\" \/>\n<meta name=\"twitter:card\" content=\"summary_large_image\" \/>\n<meta name=\"twitter:label1\" content=\"Est. reading time\" \/>\n\t<meta name=\"twitter:data1\" content=\"1 minute\" \/>\n<script type=\"application\/ld+json\" class=\"yoast-schema-graph\">{\"@context\":\"https:\/\/schema.org\",\"@graph\":[{\"@type\":\"WebPage\",\"@id\":\"https:\/\/mantija.lt\/parduotuv\u0117\/kostiumas-leila\/\",\"url\":\"https:\/\/mantija.lt\/parduotuv\u0117\/kostiumas-leila\/\",\"name\":\"Stilinga be dideli\u0173 pastang\u0173 - laisvalikio kostiumas | M\u00e3na by Mantija\",\"isPartOf\":{\"@id\":\"https:\/\/mantija.lt\/#website\"},\"primaryImageOfPage\":{\"@id\":\"https:\/\/mantija.lt\/parduotuv\u0117\/kostiumas-leila\/#primaryimage\"},\"image\":{\"@id\":\"https:\/\/mantija.lt\/parduotuv\u0117\/kostiumas-leila\/#primaryimage\"},\"thumbnailUrl\":\"https:\/\/mantija.lt\/wp-content\/uploads\/2023\/05\/IMG_0271_1-scaled.jpg\",\"datePublished\":\"2023-05-23T10:55:07+00:00\",\"dateModified\":\"2023-09-05T07:35:02+00:00\",\"description\":\"Trumpo d\u017eemperio ANA ir \u0161ort\u0173 EVITA komplektas. Vienos spalvos komplektas - stilinga, patogu ir nesud\u0117tinga - kas gali b\u016bti geriau? :)\u00a0\",\"breadcrumb\":{\"@id\":\"https:\/\/mantija.lt\/parduotuv\u0117\/kostiumas-leila\/#breadcrumb\"},\"inLanguage\":\"en-US\",\"potentialAction\":[{\"@type\":\"ReadAction\",\"target\":[\"https:\/\/mantija.lt\/parduotuv\u0117\/kostiumas-leila\/\"]}]},{\"@type\":\"ImageObject\",\"inLanguage\":\"en-US\",\"@id\":\"https:\/\/mantija.lt\/parduotuv\u0117\/kostiumas-leila\/#primaryimage\",\"url\":\"https:\/\/mantija.lt\/wp-content\/uploads\/2023\/05\/IMG_0271_1-scaled.jpg\",\"contentUrl\":\"https:\/\/mantija.lt\/wp-content\/uploads\/2023\/05\/IMG_0271_1-scaled.jpg\",\"width\":1707,\"height\":2560},{\"@type\":\"BreadcrumbList\",\"@id\":\"https:\/\/mantija.lt\/parduotuv\u0117\/kostiumas-leila\/#breadcrumb\",\"itemListElement\":[{\"@type\":\"ListItem\",\"position\":1,\"name\":\"Home\",\"item\":\"https:\/\/mantija.lt\/en\/\"},{\"@type\":\"ListItem\",\"position\":2,\"name\":\"Shop\",\"item\":\"https:\/\/mantija.lt\/en\/shop\/\"},{\"@type\":\"ListItem\",\"position\":3,\"name\":\"Komplektas LEILA\"}]},{\"@type\":\"WebSite\",\"@id\":\"https:\/\/mantija.lt\/#website\",\"url\":\"https:\/\/mantija.lt\/\",\"name\":\"Mantija\",\"description\":\"Drabu\u017eiai profesionalams ir laisvalaikio drabu\u017eiai.\",\"publisher\":{\"@id\":\"https:\/\/mantija.lt\/#organization\"},\"potentialAction\":[{\"@type\":\"SearchAction\",\"target\":{\"@type\":\"EntryPoint\",\"urlTemplate\":\"https:\/\/mantija.lt\/?s={search_term_string}\"},\"query-input\":{\"@type\":\"PropertyValueSpecification\",\"valueRequired\":true,\"valueName\":\"search_term_string\"}}],\"inLanguage\":\"en-US\"},{\"@type\":\"Organization\",\"@id\":\"https:\/\/mantija.lt\/#organization\",\"name\":\"Mantija\",\"url\":\"https:\/\/mantija.lt\/\",\"logo\":{\"@type\":\"ImageObject\",\"inLanguage\":\"en-US\",\"@id\":\"https:\/\/mantija.lt\/#\/schema\/logo\/image\/\",\"url\":\"https:\/\/mantija.lt\/wp-content\/uploads\/2022\/08\/Mantija-logo_1-juodas.png\",\"contentUrl\":\"https:\/\/mantija.lt\/wp-content\/uploads\/2022\/08\/Mantija-logo_1-juodas.png\",\"width\":3334,\"height\":3334,\"caption\":\"Mantija\"},\"image\":{\"@id\":\"https:\/\/mantija.lt\/#\/schema\/logo\/image\/\"}}]}<\/script>\n<!-- \/ Yoast SEO plugin. -->","yoast_head_json":{"title":"Stilinga be dideli\u0173 pastang\u0173 - laisvalikio kostiumas | M\u00e3na by Mantija","description":"Trumpo d\u017eemperio ANA ir \u0161ort\u0173 EVITA komplektas. Vienos spalvos komplektas - stilinga, patogu ir nesud\u0117tinga - kas gali b\u016bti geriau? :)\u00a0","robots":{"index":"index","follow":"follow","max-snippet":"max-snippet:-1","max-image-preview":"max-image-preview:large","max-video-preview":"max-video-preview:-1"},"canonical":"https:\/\/mantija.lt\/parduotuv\u0117\/kostiumas-leila\/","og_locale":"en_US","og_type":"article","og_title":"Stilinga be dideli\u0173 pastang\u0173 - laisvalikio kostiumas | M\u00e3na by Mantija","og_description":"Trumpo d\u017eemperio ANA ir \u0161ort\u0173 EVITA komplektas. Vienos spalvos komplektas - stilinga, patogu ir nesud\u0117tinga - kas gali b\u016bti geriau? :)\u00a0","og_url":"https:\/\/mantija.lt\/parduotuv\u0117\/kostiumas-leila\/","og_site_name":"Mantija","article_modified_time":"2023-09-05T07:35:02+00:00","og_image":[{"width":1707,"height":2560,"url":"https:\/\/mantija.lt\/wp-content\/uploads\/2023\/05\/IMG_0271_1-scaled.jpg","type":"image\/jpeg"}],"twitter_card":"summary_large_image","twitter_misc":{"Est. reading time":"1 minute"},"schema":{"@context":"https:\/\/schema.org","@graph":[{"@type":"WebPage","@id":"https:\/\/mantija.lt\/parduotuv\u0117\/kostiumas-leila\/","url":"https:\/\/mantija.lt\/parduotuv\u0117\/kostiumas-leila\/","name":"Stilinga be dideli\u0173 pastang\u0173 - laisvalikio kostiumas | M\u00e3na by Mantija","isPartOf":{"@id":"https:\/\/mantija.lt\/#website"},"primaryImageOfPage":{"@id":"https:\/\/mantija.lt\/parduotuv\u0117\/kostiumas-leila\/#primaryimage"},"image":{"@id":"https:\/\/mantija.lt\/parduotuv\u0117\/kostiumas-leila\/#primaryimage"},"thumbnailUrl":"https:\/\/mantija.lt\/wp-content\/uploads\/2023\/05\/IMG_0271_1-scaled.jpg","datePublished":"2023-05-23T10:55:07+00:00","dateModified":"2023-09-05T07:35:02+00:00","description":"Trumpo d\u017eemperio ANA ir \u0161ort\u0173 EVITA komplektas. Vienos spalvos komplektas - stilinga, patogu ir nesud\u0117tinga - kas gali b\u016bti geriau? :)\u00a0","breadcrumb":{"@id":"https:\/\/mantija.lt\/parduotuv\u0117\/kostiumas-leila\/#breadcrumb"},"inLanguage":"en-US","potentialAction":[{"@type":"ReadAction","target":["https:\/\/mantija.lt\/parduotuv\u0117\/kostiumas-leila\/"]}]},{"@type":"ImageObject","inLanguage":"en-US","@id":"https:\/\/mantija.lt\/parduotuv\u0117\/kostiumas-leila\/#primaryimage","url":"https:\/\/mantija.lt\/wp-content\/uploads\/2023\/05\/IMG_0271_1-scaled.jpg","contentUrl":"https:\/\/mantija.lt\/wp-content\/uploads\/2023\/05\/IMG_0271_1-scaled.jpg","width":1707,"height":2560},{"@type":"BreadcrumbList","@id":"https:\/\/mantija.lt\/parduotuv\u0117\/kostiumas-leila\/#breadcrumb","itemListElement":[{"@type":"ListItem","position":1,"name":"Home","item":"https:\/\/mantija.lt\/en\/"},{"@type":"ListItem","position":2,"name":"Shop","item":"https:\/\/mantija.lt\/en\/shop\/"},{"@type":"ListItem","position":3,"name":"Komplektas LEILA"}]},{"@type":"WebSite","@id":"https:\/\/mantija.lt\/#website","url":"https:\/\/mantija.lt\/","name":"Mantija","description":"Drabu\u017eiai profesionalams ir laisvalaikio drabu\u017eiai.","publisher":{"@id":"https:\/\/mantija.lt\/#organization"},"potentialAction":[{"@type":"SearchAction","target":{"@type":"EntryPoint","urlTemplate":"https:\/\/mantija.lt\/?s={search_term_string}"},"query-input":{"@type":"PropertyValueSpecification","valueRequired":true,"valueName":"search_term_string"}}],"inLanguage":"en-US"},{"@type":"Organization","@id":"https:\/\/mantija.lt\/#organization","name":"Mantija","url":"https:\/\/mantija.lt\/","logo":{"@type":"ImageObject","inLanguage":"en-US","@id":"https:\/\/mantija.lt\/#\/schema\/logo\/image\/","url":"https:\/\/mantija.lt\/wp-content\/uploads\/2022\/08\/Mantija-logo_1-juodas.png","contentUrl":"https:\/\/mantija.lt\/wp-content\/uploads\/2022\/08\/Mantija-logo_1-juodas.png","width":3334,"height":3334,"caption":"Mantija"},"image":{"@id":"https:\/\/mantija.lt\/#\/schema\/logo\/image\/"}}]}},"_links":{"self":[{"href":"https:\/\/mantija.lt\/en\/wp-json\/wp\/v2\/product\/16614","targetHints":{"allow":["GET"]}}],"collection":[{"href":"https:\/\/mantija.lt\/en\/wp-json\/wp\/v2\/product"}],"about":[{"href":"https:\/\/mantija.lt\/en\/wp-json\/wp\/v2\/types\/product"}],"replies":[{"embeddable":true,"href":"https:\/\/mantija.lt\/en\/wp-json\/wp\/v2\/comments?post=16614"}],"wp:featuredmedia":[{"embeddable":true,"href":"https:\/\/mantija.lt\/en\/wp-json\/wp\/v2\/media\/16623"}],"wp:attachment":[{"href":"https:\/\/mantija.lt\/en\/wp-json\/wp\/v2\/media?parent=16614"}],"wp:term":[{"taxonomy":"product_brand","embeddable":true,"href":"https:\/\/mantija.lt\/en\/wp-json\/wp\/v2\/product_brand?post=16614"},{"taxonomy":"product_cat","embeddable":true,"href":"https:\/\/mantija.lt\/en\/wp-json\/wp\/v2\/product_cat?post=16614"},{"taxonomy":"product_tag","embeddable":true,"href":"https:\/\/mantija.lt\/en\/wp-json\/wp\/v2\/product_tag?post=16614"}],"curies":[{"name":"wp","href":"https:\/\/api.w.org\/{rel}","templated":true}]}}