{"id":16643,"date":"2023-05-23T11:27:46","date_gmt":"2023-05-23T11:27:46","guid":{"rendered":"https:\/\/mantija.lt\/?post_type=product&#038;p=16643"},"modified":"2023-09-05T07:34:57","modified_gmt":"2023-09-05T07:34:57","slug":"kostiumas-riva","status":"publish","type":"product","link":"https:\/\/mantija.lt\/en\/parduotuv\u0117\/kostiumas-riva\/","title":{"rendered":"Komplektas RIVA"},"content":{"rendered":"<p><strong>Komplektas RIVA yra skirtas toms, kurios nori jaustis lyg deiv\u0117s.<\/strong> Abiej\u0173 dali\u0173 siluetai yra plat\u016bs, o tai suteikia kiekvienai dienai laisvumo\u00a0ir ner\u016bpestingumo.<\/p>\n<p>Rinkis i\u0161 trij\u0173 lengvai derinam\u0173 spalv\u0173.<\/p>\n<p><strong>D\u017eemperis ELIJA:<\/strong><\/p>\n<p>&#8211; Laisvo (oversized) silueto;<\/p>\n<p>&#8211; Su skeltukais.<\/p>\n<p>&#8211; Apykakl\u0117 apsi\u016bta standaus lastiko (rib) 2+2 med\u017eiaga.<\/p>\n<p>&#8211; Mar\u0161kini\u0173 tipo rankogaliai.<\/p>\n<p>&#8211; Apa\u010dia palenkta trikota\u017eine plok\u0161\u010diasi\u016ble.<\/p>\n<p>&#8211; D\u017eemperio nugara ilgesn\u0117 u\u017e priek\u012f 5cm.<\/p>\n<p><strong>Keln\u0117s BRENDA:<\/strong><\/p>\n<p>\u2013 Pla\u010dios, tiesaus silueto keln\u0117s auk\u0161tu liemeniu.<\/p>\n<p>\u2013 Su ki\u0161en\u0117mis.<\/p>\n<p>\u2013 Ties juosmeniu guma ir virvel\u0117 dyd\u017eio reguliavimui.<\/p>\n<p><span style=\"font-weight: 400\">Pla\u010diau apie sud\u0117t\u012f, <em>apa\u010dioje.<\/em><\/span><\/p>\n<p>&nbsp;<\/p>\n<h3><strong>Pristatymas<\/strong><\/h3>\n<p>\u012eprastai pristatome\u00a0<strong>per 1 \u2013 4 d.,<\/strong> \u012f artimiausi\u0105 OMNIVA pa\u0161tomat\u0105, ta\u010diau pasitaiko, jog d\u0117l sand\u0117lio u\u017eimtumo pristatymas gali u\u017etrukti iki 14 dien\u0173. Kaina \u2013 <em>3.59<\/em>\u00a0\u20ac.\u00a0<strong><a href=\"https:\/\/mantija.lt\/pristatymas\/\" target=\"_blank\" rel=\"noopener\"><em>Pla\u010diau &gt;&gt;&gt;<\/em><\/a><\/strong><\/p>\n<h3><strong>Gr\u0105\u017einimas \/ keitimas<\/strong><\/h3>\n<p>Jums nepatiko ar netiko? Galite j\u0105 gr\u0105\u017einti arba pakeisti \u012f kit\u0105 per 14 kalendorini\u0173 dien\u0173.\u00a0<strong><a href=\"https:\/\/mantija.lt\/prekiu-grazinimas\/\" target=\"_blank\" rel=\"noopener\"><em>Pla\u010diau &gt;<\/em><\/a><\/strong><\/p>\n<p>&nbsp;<\/p>\n","protected":false},"excerpt":{"rendered":"<p>Oversized d\u017eemperio ELIJA ir pla\u010di\u0173 kelni\u0173 BRENDA komplektas s<span style=\"font-weight: 400\">ukurs nepriekai\u0161ting\u0105 \u012fvaizd\u012f, bet ir jausit\u0117s itin komforti\u0161kai, kad ir k\u0105 \u0161iandien veiksite. <\/span><\/p>\n","protected":false},"featured_media":16777,"comment_status":"open","ping_status":"closed","template":"","meta":[],"product_brand":[],"product_cat":[571,248,185],"product_tag":[],"class_list":{"0":"post-16643","1":"product","2":"type-product","3":"status-publish","4":"has-post-thumbnail","6":"product_cat-komplektai","7":"product_cat-laisvalaikio-drabuziai","8":"product_cat-moteriskli-laisvalaikio-rubai","10":"first","11":"instock","12":"sale","13":"shipping-taxable","14":"purchasable","15":"product-type-variable","16":"has-default-attributes"},"yoast_head":"<!-- This site is optimized with the Yoast SEO plugin v24.3 - https:\/\/yoast.com\/wordpress\/plugins\/seo\/ -->\n<title>Patogumo d\u017eiaugsmas su laisvalaikio kostiumu | M\u00e3na by Mantija<\/title>\n<meta name=\"description\" content=\"Laisvalaikio kostium\u0117lis i\u0161 d\u017eemperio ir kelni\u0173 RIVA. Patirk patogumo d\u017eiaugsm\u0105! Ar leidi laik\u0105 vaik\u0161\u010diodamas mieste, ar \u0161oki su draugais m\u0117gstamos grup\u0117s koncerte, su M\u00e3na drabu\u017eiais jausies puikiai.\" \/>\n<meta name=\"robots\" content=\"index, follow, max-snippet:-1, max-image-preview:large, max-video-preview:-1\" \/>\n<link rel=\"canonical\" href=\"https:\/\/mantija.lt\/parduotuv\u0117\/kostiumas-riva\/\" \/>\n<meta property=\"og:locale\" content=\"en_US\" \/>\n<meta property=\"og:type\" content=\"article\" \/>\n<meta property=\"og:title\" content=\"Patogumo d\u017eiaugsmas su laisvalaikio kostiumu | M\u00e3na by Mantija\" \/>\n<meta property=\"og:description\" content=\"Laisvalaikio kostium\u0117lis i\u0161 d\u017eemperio ir kelni\u0173 RIVA. Patirk patogumo d\u017eiaugsm\u0105! Ar leidi laik\u0105 vaik\u0161\u010diodamas mieste, ar \u0161oki su draugais m\u0117gstamos grup\u0117s koncerte, su M\u00e3na drabu\u017eiais jausies puikiai.\" \/>\n<meta property=\"og:url\" content=\"https:\/\/mantija.lt\/parduotuv\u0117\/kostiumas-riva\/\" \/>\n<meta property=\"og:site_name\" content=\"Mantija\" \/>\n<meta property=\"article:modified_time\" content=\"2023-09-05T07:34:57+00:00\" \/>\n<meta property=\"og:image\" content=\"https:\/\/mantija.lt\/wp-content\/uploads\/2023\/05\/Komplektas-RIVA_Mana_Laisvalaikio-drabuziai-scaled.jpg\" \/>\n\t<meta property=\"og:image:width\" content=\"1707\" \/>\n\t<meta property=\"og:image:height\" content=\"2560\" \/>\n\t<meta property=\"og:image:type\" content=\"image\/jpeg\" \/>\n<meta name=\"twitter:card\" content=\"summary_large_image\" \/>\n<meta name=\"twitter:label1\" content=\"Est. reading time\" \/>\n\t<meta name=\"twitter:data1\" content=\"1 minute\" \/>\n<script type=\"application\/ld+json\" class=\"yoast-schema-graph\">{\"@context\":\"https:\/\/schema.org\",\"@graph\":[{\"@type\":\"WebPage\",\"@id\":\"https:\/\/mantija.lt\/parduotuv\u0117\/kostiumas-riva\/\",\"url\":\"https:\/\/mantija.lt\/parduotuv\u0117\/kostiumas-riva\/\",\"name\":\"Patogumo d\u017eiaugsmas su laisvalaikio kostiumu | M\u00e3na by Mantija\",\"isPartOf\":{\"@id\":\"https:\/\/mantija.lt\/#website\"},\"primaryImageOfPage\":{\"@id\":\"https:\/\/mantija.lt\/parduotuv\u0117\/kostiumas-riva\/#primaryimage\"},\"image\":{\"@id\":\"https:\/\/mantija.lt\/parduotuv\u0117\/kostiumas-riva\/#primaryimage\"},\"thumbnailUrl\":\"https:\/\/mantija.lt\/wp-content\/uploads\/2023\/05\/Komplektas-RIVA_Mana_Laisvalaikio-drabuziai-scaled.jpg\",\"datePublished\":\"2023-05-23T11:27:46+00:00\",\"dateModified\":\"2023-09-05T07:34:57+00:00\",\"description\":\"Laisvalaikio kostium\u0117lis i\u0161 d\u017eemperio ir kelni\u0173 RIVA. Patirk patogumo d\u017eiaugsm\u0105! Ar leidi laik\u0105 vaik\u0161\u010diodamas mieste, ar \u0161oki su draugais m\u0117gstamos grup\u0117s koncerte, su M\u00e3na drabu\u017eiais jausies puikiai.\",\"breadcrumb\":{\"@id\":\"https:\/\/mantija.lt\/parduotuv\u0117\/kostiumas-riva\/#breadcrumb\"},\"inLanguage\":\"en-US\",\"potentialAction\":[{\"@type\":\"ReadAction\",\"target\":[\"https:\/\/mantija.lt\/parduotuv\u0117\/kostiumas-riva\/\"]}]},{\"@type\":\"ImageObject\",\"inLanguage\":\"en-US\",\"@id\":\"https:\/\/mantija.lt\/parduotuv\u0117\/kostiumas-riva\/#primaryimage\",\"url\":\"https:\/\/mantija.lt\/wp-content\/uploads\/2023\/05\/Komplektas-RIVA_Mana_Laisvalaikio-drabuziai-scaled.jpg\",\"contentUrl\":\"https:\/\/mantija.lt\/wp-content\/uploads\/2023\/05\/Komplektas-RIVA_Mana_Laisvalaikio-drabuziai-scaled.jpg\",\"width\":1707,\"height\":2560},{\"@type\":\"BreadcrumbList\",\"@id\":\"https:\/\/mantija.lt\/parduotuv\u0117\/kostiumas-riva\/#breadcrumb\",\"itemListElement\":[{\"@type\":\"ListItem\",\"position\":1,\"name\":\"Home\",\"item\":\"https:\/\/mantija.lt\/en\/\"},{\"@type\":\"ListItem\",\"position\":2,\"name\":\"Shop\",\"item\":\"https:\/\/mantija.lt\/en\/shop\/\"},{\"@type\":\"ListItem\",\"position\":3,\"name\":\"Komplektas RIVA\"}]},{\"@type\":\"WebSite\",\"@id\":\"https:\/\/mantija.lt\/#website\",\"url\":\"https:\/\/mantija.lt\/\",\"name\":\"Mantija\",\"description\":\"Drabu\u017eiai profesionalams ir laisvalaikio drabu\u017eiai.\",\"publisher\":{\"@id\":\"https:\/\/mantija.lt\/#organization\"},\"potentialAction\":[{\"@type\":\"SearchAction\",\"target\":{\"@type\":\"EntryPoint\",\"urlTemplate\":\"https:\/\/mantija.lt\/?s={search_term_string}\"},\"query-input\":{\"@type\":\"PropertyValueSpecification\",\"valueRequired\":true,\"valueName\":\"search_term_string\"}}],\"inLanguage\":\"en-US\"},{\"@type\":\"Organization\",\"@id\":\"https:\/\/mantija.lt\/#organization\",\"name\":\"Mantija\",\"url\":\"https:\/\/mantija.lt\/\",\"logo\":{\"@type\":\"ImageObject\",\"inLanguage\":\"en-US\",\"@id\":\"https:\/\/mantija.lt\/#\/schema\/logo\/image\/\",\"url\":\"https:\/\/mantija.lt\/wp-content\/uploads\/2022\/08\/Mantija-logo_1-juodas.png\",\"contentUrl\":\"https:\/\/mantija.lt\/wp-content\/uploads\/2022\/08\/Mantija-logo_1-juodas.png\",\"width\":3334,\"height\":3334,\"caption\":\"Mantija\"},\"image\":{\"@id\":\"https:\/\/mantija.lt\/#\/schema\/logo\/image\/\"}}]}<\/script>\n<!-- \/ Yoast SEO plugin. -->","yoast_head_json":{"title":"Patogumo d\u017eiaugsmas su laisvalaikio kostiumu | M\u00e3na by Mantija","description":"Laisvalaikio kostium\u0117lis i\u0161 d\u017eemperio ir kelni\u0173 RIVA. Patirk patogumo d\u017eiaugsm\u0105! Ar leidi laik\u0105 vaik\u0161\u010diodamas mieste, ar \u0161oki su draugais m\u0117gstamos grup\u0117s koncerte, su M\u00e3na drabu\u017eiais jausies puikiai.","robots":{"index":"index","follow":"follow","max-snippet":"max-snippet:-1","max-image-preview":"max-image-preview:large","max-video-preview":"max-video-preview:-1"},"canonical":"https:\/\/mantija.lt\/parduotuv\u0117\/kostiumas-riva\/","og_locale":"en_US","og_type":"article","og_title":"Patogumo d\u017eiaugsmas su laisvalaikio kostiumu | M\u00e3na by Mantija","og_description":"Laisvalaikio kostium\u0117lis i\u0161 d\u017eemperio ir kelni\u0173 RIVA. Patirk patogumo d\u017eiaugsm\u0105! Ar leidi laik\u0105 vaik\u0161\u010diodamas mieste, ar \u0161oki su draugais m\u0117gstamos grup\u0117s koncerte, su M\u00e3na drabu\u017eiais jausies puikiai.","og_url":"https:\/\/mantija.lt\/parduotuv\u0117\/kostiumas-riva\/","og_site_name":"Mantija","article_modified_time":"2023-09-05T07:34:57+00:00","og_image":[{"width":1707,"height":2560,"url":"https:\/\/mantija.lt\/wp-content\/uploads\/2023\/05\/Komplektas-RIVA_Mana_Laisvalaikio-drabuziai-scaled.jpg","type":"image\/jpeg"}],"twitter_card":"summary_large_image","twitter_misc":{"Est. reading time":"1 minute"},"schema":{"@context":"https:\/\/schema.org","@graph":[{"@type":"WebPage","@id":"https:\/\/mantija.lt\/parduotuv\u0117\/kostiumas-riva\/","url":"https:\/\/mantija.lt\/parduotuv\u0117\/kostiumas-riva\/","name":"Patogumo d\u017eiaugsmas su laisvalaikio kostiumu | M\u00e3na by Mantija","isPartOf":{"@id":"https:\/\/mantija.lt\/#website"},"primaryImageOfPage":{"@id":"https:\/\/mantija.lt\/parduotuv\u0117\/kostiumas-riva\/#primaryimage"},"image":{"@id":"https:\/\/mantija.lt\/parduotuv\u0117\/kostiumas-riva\/#primaryimage"},"thumbnailUrl":"https:\/\/mantija.lt\/wp-content\/uploads\/2023\/05\/Komplektas-RIVA_Mana_Laisvalaikio-drabuziai-scaled.jpg","datePublished":"2023-05-23T11:27:46+00:00","dateModified":"2023-09-05T07:34:57+00:00","description":"Laisvalaikio kostium\u0117lis i\u0161 d\u017eemperio ir kelni\u0173 RIVA. Patirk patogumo d\u017eiaugsm\u0105! Ar leidi laik\u0105 vaik\u0161\u010diodamas mieste, ar \u0161oki su draugais m\u0117gstamos grup\u0117s koncerte, su M\u00e3na drabu\u017eiais jausies puikiai.","breadcrumb":{"@id":"https:\/\/mantija.lt\/parduotuv\u0117\/kostiumas-riva\/#breadcrumb"},"inLanguage":"en-US","potentialAction":[{"@type":"ReadAction","target":["https:\/\/mantija.lt\/parduotuv\u0117\/kostiumas-riva\/"]}]},{"@type":"ImageObject","inLanguage":"en-US","@id":"https:\/\/mantija.lt\/parduotuv\u0117\/kostiumas-riva\/#primaryimage","url":"https:\/\/mantija.lt\/wp-content\/uploads\/2023\/05\/Komplektas-RIVA_Mana_Laisvalaikio-drabuziai-scaled.jpg","contentUrl":"https:\/\/mantija.lt\/wp-content\/uploads\/2023\/05\/Komplektas-RIVA_Mana_Laisvalaikio-drabuziai-scaled.jpg","width":1707,"height":2560},{"@type":"BreadcrumbList","@id":"https:\/\/mantija.lt\/parduotuv\u0117\/kostiumas-riva\/#breadcrumb","itemListElement":[{"@type":"ListItem","position":1,"name":"Home","item":"https:\/\/mantija.lt\/en\/"},{"@type":"ListItem","position":2,"name":"Shop","item":"https:\/\/mantija.lt\/en\/shop\/"},{"@type":"ListItem","position":3,"name":"Komplektas RIVA"}]},{"@type":"WebSite","@id":"https:\/\/mantija.lt\/#website","url":"https:\/\/mantija.lt\/","name":"Mantija","description":"Drabu\u017eiai profesionalams ir laisvalaikio drabu\u017eiai.","publisher":{"@id":"https:\/\/mantija.lt\/#organization"},"potentialAction":[{"@type":"SearchAction","target":{"@type":"EntryPoint","urlTemplate":"https:\/\/mantija.lt\/?s={search_term_string}"},"query-input":{"@type":"PropertyValueSpecification","valueRequired":true,"valueName":"search_term_string"}}],"inLanguage":"en-US"},{"@type":"Organization","@id":"https:\/\/mantija.lt\/#organization","name":"Mantija","url":"https:\/\/mantija.lt\/","logo":{"@type":"ImageObject","inLanguage":"en-US","@id":"https:\/\/mantija.lt\/#\/schema\/logo\/image\/","url":"https:\/\/mantija.lt\/wp-content\/uploads\/2022\/08\/Mantija-logo_1-juodas.png","contentUrl":"https:\/\/mantija.lt\/wp-content\/uploads\/2022\/08\/Mantija-logo_1-juodas.png","width":3334,"height":3334,"caption":"Mantija"},"image":{"@id":"https:\/\/mantija.lt\/#\/schema\/logo\/image\/"}}]}},"_links":{"self":[{"href":"https:\/\/mantija.lt\/en\/wp-json\/wp\/v2\/product\/16643","targetHints":{"allow":["GET"]}}],"collection":[{"href":"https:\/\/mantija.lt\/en\/wp-json\/wp\/v2\/product"}],"about":[{"href":"https:\/\/mantija.lt\/en\/wp-json\/wp\/v2\/types\/product"}],"replies":[{"embeddable":true,"href":"https:\/\/mantija.lt\/en\/wp-json\/wp\/v2\/comments?post=16643"}],"wp:featuredmedia":[{"embeddable":true,"href":"https:\/\/mantija.lt\/en\/wp-json\/wp\/v2\/media\/16777"}],"wp:attachment":[{"href":"https:\/\/mantija.lt\/en\/wp-json\/wp\/v2\/media?parent=16643"}],"wp:term":[{"taxonomy":"product_brand","embeddable":true,"href":"https:\/\/mantija.lt\/en\/wp-json\/wp\/v2\/product_brand?post=16643"},{"taxonomy":"product_cat","embeddable":true,"href":"https:\/\/mantija.lt\/en\/wp-json\/wp\/v2\/product_cat?post=16643"},{"taxonomy":"product_tag","embeddable":true,"href":"https:\/\/mantija.lt\/en\/wp-json\/wp\/v2\/product_tag?post=16643"}],"curies":[{"name":"wp","href":"https:\/\/api.w.org\/{rel}","templated":true}]}}